{"id":310,"date":"2025-04-02T21:56:03","date_gmt":"2025-04-02T19:56:03","guid":{"rendered":"https:\/\/hotelmaconlasalle.fr\/?post_type=product&#038;p=310"},"modified":"2025-04-02T21:57:39","modified_gmt":"2025-04-02T19:57:39","slug":"petit-dejeuner","status":"publish","type":"product","link":"https:\/\/hotelmaconlasalle.fr\/index.php\/produit\/petit-dejeuner\/","title":{"rendered":"Petit D\u00e9jeuner"},"content":{"rendered":"<p><span id=\"wpaicg-chat-message-7596\" class=\"wpaicg-chat-message\">Petit D\u00e9jeuner,<\/span><\/p>\n<p><span id=\"wpaicg-chat-message-7596\" class=\"wpaicg-chat-message\">Notre petit d\u00e9jeuner \u00e0 l&rsquo;h\u00f4tel est un v\u00e9ritable festin pour bien commencer la journ\u00e9e. Nous proposons une s\u00e9lection vari\u00e9e de produits de qualit\u00e9, incluant des viennoiseries croustillantes, des pains , et des confitures . Vous pourrez \u00e9galement savourer des fruits de saison, des c\u00e9r\u00e9ales croquantes. Accompagnez le tout d&rsquo;un caf\u00e9 aromatique ou d&rsquo;un th\u00e9 parfum\u00e9. Que vous soyez press\u00e9 ou que vous souhaitiez prendre votre temps, notre petit d\u00e9jeuner saura ravir vos papilles !<\/span><\/p>\n","protected":false},"excerpt":{"rendered":"<p><span id=\"wpaicg-chat-message-89810\" class=\"wpaicg-chat-message\">Notre petit d\u00e9jeuner \u00e0 l&rsquo;h\u00f4tel offre une vari\u00e9t\u00e9 de d\u00e9lices : viennoiseries, pains , fruits de saison, c\u00e9r\u00e9ales&#8230;<\/span><\/p>\n<p><span id=\"wpaicg-chat-message-89810\" class=\"wpaicg-chat-message\"> Un r\u00e9gal pour bien commencer la journ\u00e9e !<\/span><\/p>\n","protected":false},"featured_media":313,"template":"","meta":[],"product_brand":[],"product_cat":[24,25],"product_tag":[],"class_list":{"0":"post-310","1":"product","2":"type-product","3":"status-publish","4":"has-post-thumbnail","6":"product_cat-chambre","7":"product_cat-hotel","9":"first","10":"instock","11":"taxable","12":"shipping-taxable","13":"purchasable","14":"product-type-simple"},"jetpack_sharing_enabled":true,"_links":{"self":[{"href":"https:\/\/hotelmaconlasalle.fr\/index.php\/wp-json\/wp\/v2\/product\/310","targetHints":{"allow":["GET"]}}],"collection":[{"href":"https:\/\/hotelmaconlasalle.fr\/index.php\/wp-json\/wp\/v2\/product"}],"about":[{"href":"https:\/\/hotelmaconlasalle.fr\/index.php\/wp-json\/wp\/v2\/types\/product"}],"wp:featuredmedia":[{"embeddable":true,"href":"https:\/\/hotelmaconlasalle.fr\/index.php\/wp-json\/wp\/v2\/media\/313"}],"wp:attachment":[{"href":"https:\/\/hotelmaconlasalle.fr\/index.php\/wp-json\/wp\/v2\/media?parent=310"}],"wp:term":[{"taxonomy":"product_brand","embeddable":true,"href":"https:\/\/hotelmaconlasalle.fr\/index.php\/wp-json\/wp\/v2\/product_brand?post=310"},{"taxonomy":"product_cat","embeddable":true,"href":"https:\/\/hotelmaconlasalle.fr\/index.php\/wp-json\/wp\/v2\/product_cat?post=310"},{"taxonomy":"product_tag","embeddable":true,"href":"https:\/\/hotelmaconlasalle.fr\/index.php\/wp-json\/wp\/v2\/product_tag?post=310"}],"curies":[{"name":"wp","href":"https:\/\/api.w.org\/{rel}","templated":true}]}}