{"id":305,"date":"2025-04-02T21:46:44","date_gmt":"2025-04-02T19:46:44","guid":{"rendered":"https:\/\/hotelmaconlasalle.fr\/?post_type=product&#038;p=305"},"modified":"2025-04-02T21:48:14","modified_gmt":"2025-04-02T19:48:14","slug":"supplement-animal","status":"publish","type":"product","link":"https:\/\/hotelmaconlasalle.fr\/index.php\/produit\/supplement-animal\/","title":{"rendered":"Suppl\u00e9ment Animal"},"content":{"rendered":"<div class=\"MessageItem_msg__C8oWx\">Le suppl\u00e9ment animal pour h\u00f4tel est une politique mise en place pour accueillir vos compagnons \u00e0 quatre pattes tout en garantissant le confort de tous les clients. Ce tarif additionnel couvre des services sp\u00e9cifiques, tels que le nettoyage des chambres et l&rsquo;entretien des espaces communs, afin d&rsquo;assurer un s\u00e9jour agr\u00e9able et hygi\u00e9nique. Avec notre zone de promenade, vous pouvez profiter d&rsquo;un s\u00e9jour relaxant en famille, y compris votre fid\u00e8le ami, tout en respectant l&rsquo;environnement partag\u00e9.<\/div>\n<div class=\"MessageItem_operationBar__4WxIy\"><\/div>\n","protected":false},"excerpt":{"rendered":"<p>Le suppl\u00e9ment animal dans les h\u00f4tels permet d&rsquo;accueillir vos compagnons tout en garantissant le confort des clients. Ce tarif couvre services et entretien sp\u00e9cifiques pour un s\u00e9jour agr\u00e9able.<\/p>\n","protected":false},"featured_media":306,"template":"","meta":[],"product_brand":[],"product_cat":[24,25],"product_tag":[],"class_list":{"0":"post-305","1":"product","2":"type-product","3":"status-publish","4":"has-post-thumbnail","6":"product_cat-chambre","7":"product_cat-hotel","9":"first","10":"instock","11":"taxable","12":"shipping-taxable","13":"purchasable","14":"product-type-simple"},"jetpack_sharing_enabled":true,"_links":{"self":[{"href":"https:\/\/hotelmaconlasalle.fr\/index.php\/wp-json\/wp\/v2\/product\/305","targetHints":{"allow":["GET"]}}],"collection":[{"href":"https:\/\/hotelmaconlasalle.fr\/index.php\/wp-json\/wp\/v2\/product"}],"about":[{"href":"https:\/\/hotelmaconlasalle.fr\/index.php\/wp-json\/wp\/v2\/types\/product"}],"wp:featuredmedia":[{"embeddable":true,"href":"https:\/\/hotelmaconlasalle.fr\/index.php\/wp-json\/wp\/v2\/media\/306"}],"wp:attachment":[{"href":"https:\/\/hotelmaconlasalle.fr\/index.php\/wp-json\/wp\/v2\/media?parent=305"}],"wp:term":[{"taxonomy":"product_brand","embeddable":true,"href":"https:\/\/hotelmaconlasalle.fr\/index.php\/wp-json\/wp\/v2\/product_brand?post=305"},{"taxonomy":"product_cat","embeddable":true,"href":"https:\/\/hotelmaconlasalle.fr\/index.php\/wp-json\/wp\/v2\/product_cat?post=305"},{"taxonomy":"product_tag","embeddable":true,"href":"https:\/\/hotelmaconlasalle.fr\/index.php\/wp-json\/wp\/v2\/product_tag?post=305"}],"curies":[{"name":"wp","href":"https:\/\/api.w.org\/{rel}","templated":true}]}}